{"id":2963,"date":"2022-09-06T07:18:34","date_gmt":"2022-09-06T07:18:34","guid":{"rendered":"https:\/\/demo.oceanthemes.site\/sandbox\/?page_id=2963"},"modified":"2025-08-27T23:41:54","modified_gmt":"2025-08-27T23:41:54","slug":"iletisim","status":"publish","type":"page","link":"https:\/\/istasyonumnerede.com.tr\/index.php\/iletisim\/","title":{"rendered":"\u0130leti\u015fim"},"content":{"rendered":"\t\t<div data-elementor-type=\"wp-page\" data-elementor-id=\"2963\" class=\"elementor elementor-2963\">\n\t\t\t\t\t\t<section class=\"elementor-section elementor-top-section elementor-element elementor-element-685000f elementor-section-boxed elementor-section-height-default elementor-section-height-default\" data-id=\"685000f\" data-element_type=\"section\" data-settings=\"{&quot;background_background&quot;:&quot;classic&quot;}\">\n\t\t\t\t\t\t<div class=\"elementor-container elementor-column-gap-default\">\n\t\t\t\t\t<div class=\"elementor-column elementor-col-100 elementor-top-column elementor-element elementor-element-5950128\" data-id=\"5950128\" data-element_type=\"column\">\n\t\t\t<div class=\"elementor-widget-wrap elementor-element-populated\">\n\t\t\t\t\t\t<div class=\"elementor-element elementor-element-c0442b7 elementor-widget elementor-widget-heading\" data-id=\"c0442b7\" data-element_type=\"widget\" data-widget_type=\"heading.default\">\n\t\t\t\t\t<h2 class=\"elementor-heading-title elementor-size-default\">\u0130leti\u015fime Ge\u00e7in<\/h2>\t\t\t\t<\/div>\n\t\t\t\t<div class=\"elementor-element elementor-element-b3954a3 elementor-widget elementor-widget-text-editor\" data-id=\"b3954a3\" data-element_type=\"widget\" data-widget_type=\"text-editor.default\">\n\t\t\t\t\t\t\t\t\t<p>Sorular\u0131n\u0131z m\u0131 var? Destek ekibimiz her zaman yan\u0131n\u0131zda. \u0130leti\u015fim formunu doldurun, size en k\u0131sa s\u00fcrede geri d\u00f6n\u00fc\u015f yapal\u0131m.<\/p>\t\t\t\t\t\t\t\t<\/div>\n\t\t\t\t\t<\/div>\n\t\t<\/div>\n\t\t\t\t\t<\/div>\n\t\t<\/section>\n\t\t\t\t<section class=\"elementor-section elementor-top-section elementor-element elementor-element-d03a5f2 elementor-section-boxed elementor-section-height-default elementor-section-height-default\" data-id=\"d03a5f2\" data-element_type=\"section\" data-settings=\"{&quot;background_background&quot;:&quot;classic&quot;}\">\n\t\t\t\t\t\t<div class=\"elementor-container elementor-column-gap-default\">\n\t\t\t\t\t<div class=\"elementor-column elementor-col-100 elementor-top-column elementor-element elementor-element-56dc15c\" data-id=\"56dc15c\" data-element_type=\"column\">\n\t\t\t<div class=\"elementor-widget-wrap elementor-element-populated\">\n\t\t\t\t\t\t<section class=\"elementor-section elementor-inner-section elementor-element elementor-element-7207508 elementor-section-content-middle elementor-section-boxed elementor-section-height-default elementor-section-height-default\" data-id=\"7207508\" data-element_type=\"section\">\n\t\t\t\t\t\t<div class=\"elementor-container elementor-column-gap-no\">\n\t\t\t\t\t<div class=\"elementor-column elementor-col-50 elementor-inner-column elementor-element elementor-element-73ccfca elementor-hidden-mobile\" data-id=\"73ccfca\" data-element_type=\"column\" data-settings=\"{&quot;background_background&quot;:&quot;classic&quot;}\">\n\t\t\t<div class=\"elementor-widget-wrap elementor-element-populated\">\n\t\t\t\t\t\t\t<\/div>\n\t\t<\/div>\n\t\t\t\t<div class=\"elementor-column elementor-col-50 elementor-inner-column elementor-element elementor-element-a8d37fe\" data-id=\"a8d37fe\" data-element_type=\"column\" data-settings=\"{&quot;background_background&quot;:&quot;classic&quot;}\">\n\t\t\t<div class=\"elementor-widget-wrap elementor-element-populated\">\n\t\t\t\t\t\t<div class=\"elementor-element elementor-element-c14843f elementor-widget elementor-widget-heading\" data-id=\"c14843f\" data-element_type=\"widget\" data-widget_type=\"heading.default\">\n\t\t\t\t\t<h2 class=\"elementor-heading-title elementor-size-default\">Hadi Konu\u015fal\u0131m<\/h2>\t\t\t\t<\/div>\n\t\t\t\t<div class=\"elementor-element elementor-element-330804a elementor-widget elementor-widget-text-editor\" data-id=\"330804a\" data-element_type=\"widget\" data-widget_type=\"text-editor.default\">\n\t\t\t\t\t\t\t\t\t<p>Birlikte yolculu\u011funuzu daha kolay hale getirelim.<\/p>\t\t\t\t\t\t\t\t<\/div>\n\t\t\t\t<div class=\"elementor-element elementor-element-d23d099 elementor-widget elementor-widget-text-editor\" data-id=\"d23d099\" data-element_type=\"widget\" data-widget_type=\"text-editor.default\">\n\t\t\t\t\t\t\t\t\t<p>Binlerce s\u00fcr\u00fcc\u00fcn\u00fcn g\u00fcvenle kulland\u0131\u011f\u0131 <strong data-start=\"511\" data-end=\"533\">\u0130stasyonum Nerede?<\/strong> ailesine siz de kat\u0131l\u0131n, yolculuklar\u0131n\u0131zda enerjiniz hi\u00e7 bitmesin.<\/p>\t\t\t\t\t\t\t\t<\/div>\n\t\t\t\t\t<\/div>\n\t\t<\/div>\n\t\t\t\t\t<\/div>\n\t\t<\/section>\n\t\t\t\t\t<\/div>\n\t\t<\/div>\n\t\t\t\t\t<\/div>\n\t\t<\/section>\n\t\t\t\t<section class=\"elementor-section elementor-top-section elementor-element elementor-element-61512e4 elementor-section-boxed elementor-section-height-default elementor-section-height-default\" data-id=\"61512e4\" data-element_type=\"section\">\n\t\t\t\t\t\t<div class=\"elementor-container elementor-column-gap-no\">\n\t\t\t\t\t<div class=\"elementor-column elementor-col-33 elementor-top-column elementor-element elementor-element-7a37a6f\" data-id=\"7a37a6f\" data-element_type=\"column\">\n\t\t\t<div class=\"elementor-widget-wrap\">\n\t\t\t\t\t\t\t<\/div>\n\t\t<\/div>\n\t\t\t\t<div class=\"elementor-column elementor-col-33 elementor-top-column elementor-element elementor-element-781b25f\" data-id=\"781b25f\" data-element_type=\"column\">\n\t\t\t<div class=\"elementor-widget-wrap elementor-element-populated\">\n\t\t\t\t\t\t<section class=\"elementor-section elementor-inner-section elementor-element elementor-element-a6d0052 elementor-section-boxed elementor-section-height-default elementor-section-height-default\" data-id=\"a6d0052\" data-element_type=\"section\">\n\t\t\t\t\t\t<div class=\"elementor-container elementor-column-gap-default\">\n\t\t\t\t\t<div class=\"elementor-column elementor-col-50 elementor-inner-column elementor-element elementor-element-4e2b805\" data-id=\"4e2b805\" data-element_type=\"column\">\n\t\t\t<div class=\"elementor-widget-wrap elementor-element-populated\">\n\t\t\t\t\t\t<div class=\"elementor-element elementor-element-fa2a20a elementor-widget elementor-widget-shortcode\" data-id=\"fa2a20a\" data-element_type=\"widget\" data-widget_type=\"shortcode.default\">\n\t\t\t\t\t\t\t<div class=\"elementor-shortcode\">\n<div class=\"wpcf7 no-js\" id=\"wpcf7-f3148-o1\" lang=\"en-US\" dir=\"ltr\" data-wpcf7-id=\"3148\">\n<div class=\"screen-reader-response\"><p role=\"status\" aria-live=\"polite\" aria-atomic=\"true\"><\/p> <ul><\/ul><\/div>\n<form action=\"\/index.php\/wp-json\/wp\/v2\/pages\/2963#wpcf7-f3148-o1\" method=\"post\" class=\"wpcf7-form init\" aria-label=\"Contact form\" novalidate=\"novalidate\" data-status=\"init\">\n<fieldset class=\"hidden-fields-container\"><input type=\"hidden\" name=\"_wpcf7\" value=\"3148\" \/><input type=\"hidden\" name=\"_wpcf7_version\" value=\"6.1.1\" \/><input type=\"hidden\" name=\"_wpcf7_locale\" value=\"en_US\" \/><input type=\"hidden\" name=\"_wpcf7_unit_tag\" value=\"wpcf7-f3148-o1\" \/><input type=\"hidden\" name=\"_wpcf7_container_post\" value=\"0\" \/><input type=\"hidden\" name=\"_wpcf7_posted_data_hash\" value=\"\" \/>\n<\/fieldset>\n<div class=\"row gap-20\">\n\t<div class=\"col-sm-6 col-md-6\">\n\t\t<div class=\"form-floating\">\n\t\t\t<p><input size=\"40\" maxlength=\"400\" class=\"wpcf7-form-control wpcf7-text wpcf7-validates-as-required form-control\" aria-required=\"true\" aria-invalid=\"false\" placeholder=\"Ad *\" value=\"\" type=\"text\" name=\"your-fname\" \/>\n\t\t\t<\/p>\n\t\t<\/div>\n\t<\/div>\n\t<div class=\"col-sm-6 col-md-6\">\n\t\t<div class=\"form-floating\">\n\t\t\t<p><input size=\"40\" maxlength=\"400\" class=\"wpcf7-form-control wpcf7-text wpcf7-validates-as-required form-control\" aria-required=\"true\" aria-invalid=\"false\" placeholder=\"Soyad *\" value=\"\" type=\"text\" name=\"your-lname\" \/>\n\t\t\t<\/p>\n\t\t<\/div>\n\t<\/div>\n<\/div>\n<div class=\"row gap-20\">\n\t<div class=\"col-sm-6 col-md-6\">\n\t\t<div class=\"form-floating\">\n\t\t\t<p><input size=\"40\" maxlength=\"400\" class=\"wpcf7-form-control wpcf7-email wpcf7-validates-as-required wpcf7-text wpcf7-validates-as-email form-control\" aria-required=\"true\" aria-invalid=\"false\" placeholder=\"Mail Adresi*\" value=\"\" type=\"email\" name=\"your-email\" \/>\n\t\t\t<\/p>\n\t\t<\/div>\n\t<\/div>\n\t<div class=\"col-sm-6 col-md-6\">\n\t\t<div class=\"form-floating\">\n\t\t\t<p><select class=\"wpcf7-form-control wpcf7-select form-select\" aria-invalid=\"false\" name=\"department\"><option value=\"\">&#8212;Please choose an option&#8212;<\/option><option value=\"Proje\">Proje<\/option><option value=\"Uygulama\">Uygulama<\/option><option value=\"M\u00fc\u015fteri Deste\u011fi\">M\u00fc\u015fteri Deste\u011fi<\/option><\/select>\n\t\t\t<\/p>\n\t\t<\/div>\n\t<\/div>\n<\/div>\n<div class=\"form-floating h150\">\n\t<p><textarea cols=\"40\" rows=\"10\" maxlength=\"2000\" class=\"wpcf7-form-control wpcf7-textarea form-control\" aria-invalid=\"false\" placeholder=\"Mesaj\u0131n\u0131z*\" name=\"your-message\"><\/textarea>\n\t<\/p>\n<\/div>\n<p class=\"text-start\"><span class=\"wpcf7-form-control wpcf7-checkbox wpcf7-validates-as-required form-check-input\"><span class=\"wpcf7-list-item first last\"><label><input type=\"checkbox\" name=\"checkbox-terms[]\" value=\"Bilgileri do\u011fru girdi\u011fimi\" \/><span class=\"wpcf7-list-item-label\">Bilgileri do\u011fru girdi\u011fimi<\/span><\/label><\/span><\/span><a class=\"hover\"> kabul ediyorum<\/a>.\n<\/p>\n<p class=\"text-start\">\n<input class=\"wpcf7-form-control wpcf7-submit has-spinner octf-btn\" type=\"submit\" value=\"G\u00f6nder\" \/>\n<\/p>\n<p class=\"text-muted text-start\">* Alanlar gereklidir.\n<\/p><p style=\"display: none !important;\" class=\"akismet-fields-container\" data-prefix=\"_wpcf7_ak_\"><label>&#916;<textarea name=\"_wpcf7_ak_hp_textarea\" cols=\"45\" rows=\"8\" maxlength=\"100\"><\/textarea><\/label><input type=\"hidden\" id=\"ak_js_1\" name=\"_wpcf7_ak_js\" value=\"249\"\/><script>document.getElementById( \"ak_js_1\" ).setAttribute( \"value\", ( new Date() ).getTime() );<\/script><\/p><div class=\"wpcf7-response-output\" aria-hidden=\"true\"><\/div>\n<\/form>\n<\/div>\n<\/div>\n\t\t\t\t\t\t<\/div>\n\t\t\t\t\t<\/div>\n\t\t<\/div>\n\t\t\t\t<div class=\"elementor-column elementor-col-50 elementor-inner-column elementor-element elementor-element-17eb728\" data-id=\"17eb728\" data-element_type=\"column\">\n\t\t\t<div class=\"elementor-widget-wrap elementor-element-populated\">\n\t\t\t\t\t\t<div class=\"elementor-element elementor-element-7ced14f ot-position-left ot-view-default ot-vertical-align-top elementor-widget elementor-widget-ot-iconbox\" data-id=\"7ced14f\" data-element_type=\"widget\" data-widget_type=\"ot-iconbox.default\">\n\t\t\t\t<div class=\"elementor-widget-container\">\n\t\t\t\t\t\t\t<div class=\"ot-icon-box box-content\">\r\n\t\t\t\t\t\t<div class=\"ot-icon-box__icon flex-gap\">\r\n\t\t\t\t<i aria-hidden=\"true\" class=\" uil-location-pin-alt\"><\/i>\t        <\/div>\r\n\t        \t        <div class=\"ot-icon-box__content\">\r\n\t        \t<h4 class=\"icon-box-title\">Adres<\/h4>\t\t\t\t<div class=\"icon-box-des\">\u00a0\u0130tob Osb Mahallesi 10032 Sokak No: 2 \u0130\u00e7 Kap\u0131 No: Z13 Menderes \/ \u0130zmir<\/div>\t\t\t\t\t\t\t<\/div>\t\r\n\t    <\/div>\r\n\t    \t\t\t\t<\/div>\n\t\t\t\t<\/div>\n\t\t\t\t<div class=\"elementor-element elementor-element-12825d7 ot-position-left ot-view-default ot-vertical-align-top elementor-widget elementor-widget-ot-iconbox\" data-id=\"12825d7\" data-element_type=\"widget\" data-widget_type=\"ot-iconbox.default\">\n\t\t\t\t<div class=\"elementor-widget-container\">\n\t\t\t\t\t\t\t<div class=\"ot-icon-box box-content\">\r\n\t\t\t\t\t\t<div class=\"ot-icon-box__icon flex-gap\">\r\n\t\t\t\t<i aria-hidden=\"true\" class=\" uil-phone-volume\"><\/i>\t        <\/div>\r\n\t        \t        <div class=\"ot-icon-box__content\">\r\n\t        \t<h4 class=\"icon-box-title\">Telefon<\/h4>\t\t\t\t<div class=\"icon-box-des\">+90 (850) 302 302 1\n<\/div>\t\t\t\t\t\t\t<\/div>\t\r\n\t    <\/div>\r\n\t    \t\t\t\t<\/div>\n\t\t\t\t<\/div>\n\t\t\t\t<div class=\"elementor-element elementor-element-a7499e3 ot-position-left ot-view-default ot-vertical-align-top elementor-widget elementor-widget-ot-iconbox\" data-id=\"a7499e3\" data-element_type=\"widget\" data-widget_type=\"ot-iconbox.default\">\n\t\t\t\t<div class=\"elementor-widget-container\">\n\t\t\t\t\t\t\t<div class=\"ot-icon-box box-content\">\r\n\t\t\t\t\t\t<div class=\"ot-icon-box__icon flex-gap\">\r\n\t\t\t\t<i aria-hidden=\"true\" class=\" uil-envelope\"><\/i>\t        <\/div>\r\n\t        \t        <div class=\"ot-icon-box__content\">\r\n\t        \t<h4 class=\"icon-box-title\">Mail Adresimiz<\/h4>\t\t\t\t<div class=\"icon-box-des\"><a href=\"#\" class=\"link-body\">info@istasyonumnerede.com.tr<\/a><\/div>\t\t\t\t\t\t\t<\/div>\t\r\n\t    <\/div>\r\n\t    \t\t\t\t<\/div>\n\t\t\t\t<\/div>\n\t\t\t\t\t<\/div>\n\t\t<\/div>\n\t\t\t\t\t<\/div>\n\t\t<\/section>\n\t\t\t\t\t<\/div>\n\t\t<\/div>\n\t\t\t\t<div class=\"elementor-column elementor-col-33 elementor-top-column elementor-element elementor-element-3024c2d\" data-id=\"3024c2d\" data-element_type=\"column\">\n\t\t\t<div class=\"elementor-widget-wrap\">\n\t\t\t\t\t\t\t<\/div>\n\t\t<\/div>\n\t\t\t\t\t<\/div>\n\t\t<\/section>\n\t\t\t\t<section class=\"elementor-section elementor-top-section elementor-element elementor-element-518cff6 elementor-section-full_width elementor-section-height-default elementor-section-height-default\" data-id=\"518cff6\" data-element_type=\"section\">\n\t\t\t\t\t\t<div class=\"elementor-container elementor-column-gap-no\">\n\t\t\t\t\t<div class=\"elementor-column elementor-col-100 elementor-top-column elementor-element elementor-element-6845034\" data-id=\"6845034\" data-element_type=\"column\">\n\t\t\t<div class=\"elementor-widget-wrap elementor-element-populated\">\n\t\t\t\t\t\t<div class=\"elementor-element elementor-element-4bd928f elementor-widget elementor-widget-google_maps\" data-id=\"4bd928f\" data-element_type=\"widget\" data-widget_type=\"google_maps.default\">\n\t\t\t\t\t\t\t<div class=\"elementor-custom-embed\">\n\t\t\t<iframe loading=\"lazy\"\n\t\t\t\t\tsrc=\"https:\/\/maps.google.com\/maps?q=%C2%A0%C4%B0tob%20Osb%20Mahallesi%2010032%20Sokak%20No%3A%202%20%C4%B0%C3%A7%20Kap%C4%B1%20No%3A%20Z13%20Menderes%20%2F%20%C4%B0zmir&#038;t=m&#038;z=12&#038;output=embed&#038;iwloc=near\"\n\t\t\t\t\ttitle=\"\u00a0\u0130tob Osb Mahallesi 10032 Sokak No: 2 \u0130\u00e7 Kap\u0131 No: Z13 Menderes \/ \u0130zmir\"\n\t\t\t\t\taria-label=\"\u00a0\u0130tob Osb Mahallesi 10032 Sokak No: 2 \u0130\u00e7 Kap\u0131 No: Z13 Menderes \/ \u0130zmir\"\n\t\t\t><\/iframe>\n\t\t<\/div>\n\t\t\t\t\t\t<\/div>\n\t\t\t\t\t<\/div>\n\t\t<\/div>\n\t\t\t\t\t<\/div>\n\t\t<\/section>\n\t\t\t\t<\/div>\n\t\t","protected":false},"excerpt":{"rendered":"<p>\u0130leti\u015fime Ge\u00e7in Sorular\u0131n\u0131z m\u0131 var? Destek ekibimiz her zaman yan\u0131n\u0131zda. \u0130leti\u015fim formunu doldurun, size en k\u0131sa s\u00fcrede geri d\u00f6n\u00fc\u015f yapal\u0131m. Hadi Konu\u015fal\u0131m Birlikte yolculu\u011funuzu daha kolay hale getirelim. Binlerce s\u00fcr\u00fcc\u00fcn\u00fcn g\u00fcvenle kulland\u0131\u011f\u0131 \u0130stasyonum Nerede? ailesine siz de kat\u0131l\u0131n, yolculuklar\u0131n\u0131zda enerjiniz hi\u00e7 bitmesin. Adres \u00a0\u0130tob Osb Mahallesi 10032 Sokak No: 2 \u0130\u00e7 Kap\u0131 No: Z13 Menderes [&hellip;]<\/p>\n","protected":false},"author":1,"featured_media":0,"parent":0,"menu_order":0,"comment_status":"closed","ping_status":"closed","template":"","meta":{"footnotes":""},"class_list":["post-2963","page","type-page","status-publish","hentry"],"_links":{"self":[{"href":"https:\/\/istasyonumnerede.com.tr\/index.php\/wp-json\/wp\/v2\/pages\/2963","targetHints":{"allow":["GET"]}}],"collection":[{"href":"https:\/\/istasyonumnerede.com.tr\/index.php\/wp-json\/wp\/v2\/pages"}],"about":[{"href":"https:\/\/istasyonumnerede.com.tr\/index.php\/wp-json\/wp\/v2\/types\/page"}],"author":[{"embeddable":true,"href":"https:\/\/istasyonumnerede.com.tr\/index.php\/wp-json\/wp\/v2\/users\/1"}],"replies":[{"embeddable":true,"href":"https:\/\/istasyonumnerede.com.tr\/index.php\/wp-json\/wp\/v2\/comments?post=2963"}],"version-history":[{"count":13,"href":"https:\/\/istasyonumnerede.com.tr\/index.php\/wp-json\/wp\/v2\/pages\/2963\/revisions"}],"predecessor-version":[{"id":15052,"href":"https:\/\/istasyonumnerede.com.tr\/index.php\/wp-json\/wp\/v2\/pages\/2963\/revisions\/15052"}],"wp:attachment":[{"href":"https:\/\/istasyonumnerede.com.tr\/index.php\/wp-json\/wp\/v2\/media?parent=2963"}],"curies":[{"name":"wp","href":"https:\/\/api.w.org\/{rel}","templated":true}]}}